{"id":2056,"date":"2025-04-05T19:41:20","date_gmt":"2025-04-05T22:41:20","guid":{"rendered":"https:\/\/caetano.me\/ccrnovo\/?page_id=2056"},"modified":"2025-05-21T19:36:27","modified_gmt":"2025-05-21T22:36:27","slug":"espacos","status":"publish","type":"page","link":"https:\/\/caetano.me\/ccrnovo\/espacos\/","title":{"rendered":"Espa\u00e7os"},"content":{"rendered":"<div class=\"wpb-content-wrapper\"><p>[vc_row css=&#8221;.vc_custom_1747866959866{margin-top: 100px !important;}&#8221;][vc_column]<style>.vc_custom_1743890174929{margin-top: 0px !important;border-top-width: 0px !important;padding-top: 0px !important;}.vc_custom_1748027414057{margin-top: 0px !important;margin-right: 0px !important;margin-bottom: 0px !important;margin-left: 0px !important;border-top-width: 0px !important;border-right-width: 0px !important;border-bottom-width: 0px !important;border-left-width: 0px !important;padding-top: 0px !important;padding-right: 0px !important;padding-bottom: 0px !important;padding-left: 0px !important;}<\/style><div class=\"wpb-content-wrapper\"><p>[vc_section full_width=&#8221;stretch_row_content&#8221; content_placement=&#8221;top&#8221; css=&#8221;.vc_custom_1743890174929{margin-top: 0px !important;border-top-width: 0px !important;padding-top: 0px !important;}&#8221;][vc_row][vc_column]<div class=\"wpb_content_element \"><style type=\"text\/css\">#ut_header_69d0bb92018c1 h1.section-title { font-size:40px !important;letter-spacing:-0.03em; }<\/style><header id=\"ut_header_69d0bb92018c1\" class=\"section-header  ut-no-lead-linebreak-mobile ut-no-lead-linebreak-tablet pt-style-1 header-center header-tablet-center header-mobile-center\"><h1 data-title=\"ESPA\u00c7OS\"  data-responsive-font=\"section_title\" data-responsive-font-settings=\"{&quot;base-font-size&quot;:&quot;global&quot;,&quot;font-size&quot;:{&quot;desktop_large&quot;:&quot;40&quot;},&quot;base-line-height&quot;:&quot;global&quot;,&quot;base-letter-spacing&quot;:&quot;global&quot;,&quot;letter-spacing&quot;:{&quot;desktop_large&quot;:&quot;-0.03&quot;}}\" class=\"bklyn-divider-styles bklyn-divider-style-1 section-title \"><span>ESPA\u00c7OS<\/span><\/h1><div data-delay=\"0\" class=\"lead \"><p>O Rebou\u00e7as oferece espa\u00e7os projetados para diferentes formatos de evento, aliando tecnologia, conforto e acessibilidade na regi\u00e3o mais estrat\u00e9gica da cidade.<br \/>\n\u00c9 o cen\u00e1rio ideal para congressos, feiras, conven\u00e7\u00f5es e treinamentos.<\/p>\n<\/div><\/header><\/div>[\/vc_column][\/vc_row][vc_row full_width=&#8221;stretch_row_content_no_spaces&#8221; gap=&#8221;2&#8243; content_placement=&#8221;top&#8221; css=&#8221;.vc_custom_1748027414057{margin-top: 0px !important;margin-right: 0px !important;margin-bottom: 0px !important;margin-left: 0px !important;border-top-width: 0px !important;border-right-width: 0px !important;border-bottom-width: 0px !important;border-left-width: 0px !important;padding-top: 0px !important;padding-right: 0px !important;padding-bottom: 0px !important;padding-left: 0px !important;}&#8221;][vc_column width=&#8221;1\/3&#8243;]<style type=\"text\/css\">#ut_fancy_image_69d0bb92068f9 .ut-fancy-image figcaption h3 { color: #FFFFFF; }#ut_fancy_image_69d0bb92068f9 .ut-fancy-image:hover figcaption h3 { color: #FFFFFF; }#ut_fancy_image_69d0bb92068f9 .ut-fancy-image p { color: #FFFFFF; }#ut_fancy_image_69d0bb92068f9 .ut-fancy-image { background: #000000; }<\/style><div id=\"ut_fancy_image_69d0bb92068f9\" class=\"ut-fancy-image-wrap \"><a target=\"_self\" href=\"https:\/\/caetano.me\/ccrnovo\/auditorios\/\" ><figure class=\"ut-fancy-image\">\r\n        <img loading=\"lazy\" decoding=\"async\" data-adaptive-images=\"{&quot;300&quot;:&quot;https:\\\/\\\/caetano.me\\\/ccrnovo\\\/wp-content\\\/uploads\\\/2025\\\/04\\\/menu_auditoriosb-300x443.jpg&quot;,&quot;500&quot;:&quot;https:\\\/\\\/caetano.me\\\/ccrnovo\\\/wp-content\\\/uploads\\\/2025\\\/04\\\/menu_auditoriosb-500x738.jpg&quot;,&quot;750&quot;:&quot;https:\\\/\\\/caetano.me\\\/ccrnovo\\\/wp-content\\\/uploads\\\/2025\\\/04\\\/menu_auditoriosb-750x1108.jpg&quot;,&quot;1000&quot;:&quot;https:\\\/\\\/caetano.me\\\/ccrnovo\\\/wp-content\\\/uploads\\\/2025\\\/04\\\/menu_auditoriosb-1000x1477.jpg&quot;,&quot;1500&quot;:&quot;https:\\\/\\\/caetano.me\\\/ccrnovo\\\/wp-content\\\/uploads\\\/2025\\\/04\\\/menu_auditoriosb-1500x2215.jpg&quot;,&quot;2500&quot;:&quot;https:\\\/\\\/caetano.me\\\/ccrnovo\\\/wp-content\\\/uploads\\\/2025\\\/04\\\/menu_auditoriosb-2500x3692.jpg&quot;}\" src=\"data:image\/svg+xml;charset=utf-8,%3Csvg xmlns%3D&#039;http%3A%2F%2Fwww.w3.org%2F2000%2Fsvg&#039; viewBox%3D&#039;0 0 1500 2215&#039;%2F%3E\" width=\"1500\" height=\"2215\" data-src=\"https:\/\/caetano.me\/ccrnovo\/wp-content\/uploads\/2025\/04\/menu_auditoriosb-1500x2215.jpg\" data-image-id=\"2392\" class=\"ut-adaptive-image wp-post-image skip-lazy \">\r\n\r\n        <figcaption><h3>AUDIT\u00d3RIOS<\/h3><p>Conhe\u00e7a nossos espa\u00e7os<\/p><\/figcaption><\/figure><\/a><\/div>[\/vc_column][vc_column width=&#8221;1\/3&#8243;]<style type=\"text\/css\">#ut_fancy_image_69d0bb92162e7 .ut-fancy-image figcaption h3 { color: #FFFFFF; }#ut_fancy_image_69d0bb92162e7 .ut-fancy-image:hover figcaption h3 { color: #FFFFFF; }#ut_fancy_image_69d0bb92162e7 .ut-fancy-image p { color: #FFFFFF; }#ut_fancy_image_69d0bb92162e7 .ut-fancy-image { background: #000000; }#ut_fancy_image_69d0bb92162e7.ut-fancy-image-wrap { margin-bottom: 2px; }<\/style><div id=\"ut_fancy_image_69d0bb92162e7\" class=\"ut-fancy-image-wrap \"><a target=\"_self\" href=\"https:\/\/caetano.me\/ccrnovo\/saloes\/\" ><figure class=\"ut-fancy-image\">\r\n        <img loading=\"lazy\" decoding=\"async\" data-adaptive-images=\"{&quot;300&quot;:&quot;https:\\\/\\\/caetano.me\\\/ccrnovo\\\/wp-content\\\/uploads\\\/2025\\\/04\\\/menu_saloes-300x249.jpg&quot;,&quot;500&quot;:&quot;https:\\\/\\\/caetano.me\\\/ccrnovo\\\/wp-content\\\/uploads\\\/2025\\\/04\\\/menu_saloes-500x415.jpg&quot;,&quot;750&quot;:&quot;https:\\\/\\\/caetano.me\\\/ccrnovo\\\/wp-content\\\/uploads\\\/2025\\\/04\\\/menu_saloes-750x623.jpg&quot;,&quot;1000&quot;:&quot;https:\\\/\\\/caetano.me\\\/ccrnovo\\\/wp-content\\\/uploads\\\/2025\\\/04\\\/menu_saloes-1000x831.jpg&quot;,&quot;1500&quot;:&quot;https:\\\/\\\/caetano.me\\\/ccrnovo\\\/wp-content\\\/uploads\\\/2025\\\/04\\\/menu_saloes-1500x1246.jpg&quot;,&quot;2500&quot;:&quot;https:\\\/\\\/caetano.me\\\/ccrnovo\\\/wp-content\\\/uploads\\\/2025\\\/04\\\/menu_saloes-2500x2077.jpg&quot;}\" src=\"data:image\/svg+xml;charset=utf-8,%3Csvg xmlns%3D&#039;http%3A%2F%2Fwww.w3.org%2F2000%2Fsvg&#039; viewBox%3D&#039;0 0 1500 1246&#039;%2F%3E\" width=\"1500\" height=\"1246\" data-src=\"https:\/\/caetano.me\/ccrnovo\/wp-content\/uploads\/2025\/04\/menu_saloes-1500x1246.jpg\" data-image-id=\"1995\" class=\"ut-adaptive-image wp-post-image skip-lazy \">\r\n\r\n        <figcaption><h3>SAL\u00d5ES<\/h3><p>Conhe\u00e7a nossos espa\u00e7os<\/p><\/figcaption><\/figure><\/a><\/div><style type=\"text\/css\">#ut_fancy_image_69d0bb9226269 .ut-fancy-image figcaption h3 { color: #FFFFFF; }#ut_fancy_image_69d0bb9226269 .ut-fancy-image:hover figcaption h3 { color: #FFFFFF; }#ut_fancy_image_69d0bb9226269 .ut-fancy-image p { color: #FFFFFF; }#ut_fancy_image_69d0bb9226269 .ut-fancy-image { background: #000000; }#ut_fancy_image_69d0bb9226269.ut-fancy-image-wrap { margin-bottom: 0px; }<\/style><div id=\"ut_fancy_image_69d0bb9226269\" class=\"ut-fancy-image-wrap \"><a target=\"_self\" href=\"https:\/\/caetano.me\/ccrnovo\/salas\/\" ><figure class=\"ut-fancy-image\">\r\n        <img loading=\"lazy\" decoding=\"async\" data-adaptive-images=\"{&quot;300&quot;:&quot;https:\\\/\\\/caetano.me\\\/ccrnovo\\\/wp-content\\\/uploads\\\/2025\\\/04\\\/menu_salas-300x194.jpg&quot;,&quot;500&quot;:&quot;https:\\\/\\\/caetano.me\\\/ccrnovo\\\/wp-content\\\/uploads\\\/2025\\\/04\\\/menu_salas-500x323.jpg&quot;,&quot;750&quot;:&quot;https:\\\/\\\/caetano.me\\\/ccrnovo\\\/wp-content\\\/uploads\\\/2025\\\/04\\\/menu_salas-750x485.jpg&quot;,&quot;1000&quot;:&quot;https:\\\/\\\/caetano.me\\\/ccrnovo\\\/wp-content\\\/uploads\\\/2025\\\/04\\\/menu_salas-1000x646.jpg&quot;,&quot;1500&quot;:&quot;https:\\\/\\\/caetano.me\\\/ccrnovo\\\/wp-content\\\/uploads\\\/2025\\\/04\\\/menu_salas-1500x969.jpg&quot;,&quot;2500&quot;:&quot;https:\\\/\\\/caetano.me\\\/ccrnovo\\\/wp-content\\\/uploads\\\/2025\\\/04\\\/menu_salas-2500x1615.jpg&quot;}\" src=\"data:image\/svg+xml;charset=utf-8,%3Csvg xmlns%3D&#039;http%3A%2F%2Fwww.w3.org%2F2000%2Fsvg&#039; viewBox%3D&#039;0 0 1500 969&#039;%2F%3E\" width=\"1500\" height=\"969\" data-src=\"https:\/\/caetano.me\/ccrnovo\/wp-content\/uploads\/2025\/04\/menu_salas-1500x969.jpg\" data-image-id=\"1994\" class=\"ut-adaptive-image wp-post-image skip-lazy \">\r\n\r\n        <figcaption><h3>SALAS<\/h3><p>Conhe\u00e7a nossos espa\u00e7os<\/p><\/figcaption><\/figure><\/a><\/div>[\/vc_column][vc_column width=&#8221;1\/3&#8243;]<style type=\"text\/css\">#ut_fancy_image_69d0bb923652c .ut-fancy-image figcaption h3 { color: #FFFFFF; }#ut_fancy_image_69d0bb923652c .ut-fancy-image:hover figcaption h3 { color: #FFFFFF; }#ut_fancy_image_69d0bb923652c .ut-fancy-image p { color: #FFFFFF; }#ut_fancy_image_69d0bb923652c .ut-fancy-image { background: #000000; }<\/style><div id=\"ut_fancy_image_69d0bb923652c\" class=\"ut-fancy-image-wrap \"><a target=\"_self\" href=\"https:\/\/caetano.me\/ccrnovo\/areas\/\" ><figure class=\"ut-fancy-image\">\r\n        <img loading=\"lazy\" decoding=\"async\" data-adaptive-images=\"{&quot;300&quot;:&quot;https:\\\/\\\/caetano.me\\\/ccrnovo\\\/wp-content\\\/uploads\\\/2025\\\/04\\\/menu_areas_apoio-300x443.jpg&quot;,&quot;500&quot;:&quot;https:\\\/\\\/caetano.me\\\/ccrnovo\\\/wp-content\\\/uploads\\\/2025\\\/04\\\/menu_areas_apoio-500x738.jpg&quot;,&quot;750&quot;:&quot;https:\\\/\\\/caetano.me\\\/ccrnovo\\\/wp-content\\\/uploads\\\/2025\\\/04\\\/menu_areas_apoio-750x1108.jpg&quot;,&quot;1000&quot;:&quot;https:\\\/\\\/caetano.me\\\/ccrnovo\\\/wp-content\\\/uploads\\\/2025\\\/04\\\/menu_areas_apoio-1000x1477.jpg&quot;,&quot;1500&quot;:&quot;https:\\\/\\\/caetano.me\\\/ccrnovo\\\/wp-content\\\/uploads\\\/2025\\\/04\\\/menu_areas_apoio-1500x2215.jpg&quot;,&quot;2500&quot;:&quot;https:\\\/\\\/caetano.me\\\/ccrnovo\\\/wp-content\\\/uploads\\\/2025\\\/04\\\/menu_areas_apoio-2500x3692.jpg&quot;}\" src=\"data:image\/svg+xml;charset=utf-8,%3Csvg xmlns%3D&#039;http%3A%2F%2Fwww.w3.org%2F2000%2Fsvg&#039; viewBox%3D&#039;0 0 1500 2215&#039;%2F%3E\" width=\"1500\" height=\"2215\" data-src=\"https:\/\/caetano.me\/ccrnovo\/wp-content\/uploads\/2025\/04\/menu_areas_apoio-1500x2215.jpg\" data-image-id=\"1993\" class=\"ut-adaptive-image wp-post-image skip-lazy \">\r\n\r\n        <figcaption><h3>\u00c1REAS DE APOIO<\/h3><p>Conhe\u00e7a nossos espa\u00e7os<\/p><\/figcaption><\/figure><\/a><\/div>[\/vc_column][\/vc_row][\/vc_section]<\/p>\n<\/div>[\/vc_column][\/vc_row]<\/p>\n<\/div>","protected":false},"excerpt":{"rendered":"<p>[vc_row css=&#8221;.vc_custom_1747866959866{margin-top: 100px !important;}&#8221;][vc_column][\/vc_column][\/vc_row]<\/p>\n","protected":false},"author":1,"featured_media":0,"parent":0,"menu_order":0,"comment_status":"closed","ping_status":"closed","template":"","meta":{"footnotes":""},"class_list":["post-2056","page","type-page","status-publish","hentry"],"_links":{"self":[{"href":"https:\/\/caetano.me\/ccrnovo\/wp-json\/wp\/v2\/pages\/2056","targetHints":{"allow":["GET"]}}],"collection":[{"href":"https:\/\/caetano.me\/ccrnovo\/wp-json\/wp\/v2\/pages"}],"about":[{"href":"https:\/\/caetano.me\/ccrnovo\/wp-json\/wp\/v2\/types\/page"}],"author":[{"embeddable":true,"href":"https:\/\/caetano.me\/ccrnovo\/wp-json\/wp\/v2\/users\/1"}],"replies":[{"embeddable":true,"href":"https:\/\/caetano.me\/ccrnovo\/wp-json\/wp\/v2\/comments?post=2056"}],"version-history":[{"count":16,"href":"https:\/\/caetano.me\/ccrnovo\/wp-json\/wp\/v2\/pages\/2056\/revisions"}],"predecessor-version":[{"id":2531,"href":"https:\/\/caetano.me\/ccrnovo\/wp-json\/wp\/v2\/pages\/2056\/revisions\/2531"}],"wp:attachment":[{"href":"https:\/\/caetano.me\/ccrnovo\/wp-json\/wp\/v2\/media?parent=2056"}],"curies":[{"name":"wp","href":"https:\/\/api.w.org\/{rel}","templated":true}]}}