{"id":2296,"date":"2025-04-05T22:50:16","date_gmt":"2025-04-06T01:50:16","guid":{"rendered":"https:\/\/caetano.me\/ccrnovo\/?page_id=2296"},"modified":"2025-08-21T10:27:48","modified_gmt":"2025-08-21T13:27:48","slug":"esg","status":"publish","type":"page","link":"https:\/\/caetano.me\/ccrnovo\/esg\/","title":{"rendered":"ESG"},"content":{"rendered":"<div class=\"wpb-content-wrapper\"><p>[vc_section][vc_row el_id=&#8221;protocolos&#8221; el_name=&#8221;Protocolos&#8221;][vc_column]<div class=\"wpb_content_element \"><style type=\"text\/css\">#ut_header_69d0bda90f282 h2.section-title { font-size:40px !important;letter-spacing:-0.03em; }<\/style><header id=\"ut_header_69d0bda90f282\" class=\"section-header  pt-style-1 header-center header-tablet-center header-mobile-center\"><h2 data-title=\"PR\u00c1TICAS ESG\"  data-responsive-font=\"section_title\" data-responsive-font-settings=\"{&quot;base-font-size&quot;:&quot;global&quot;,&quot;font-size&quot;:{&quot;desktop_large&quot;:&quot;40&quot;},&quot;base-line-height&quot;:&quot;global&quot;,&quot;base-letter-spacing&quot;:&quot;global&quot;,&quot;letter-spacing&quot;:{&quot;desktop_large&quot;:&quot;-0.03&quot;}}\" class=\"bklyn-divider-styles bklyn-divider-style-1 section-title \"><span>PR\u00c1TICAS ESG<\/span><\/h2><div data-delay=\"0\" class=\"lead \"><p>H\u00e1 mais de 15 anos, o Rebou\u00e7as adota pr\u00e1ticas respons\u00e1veis e comprometidas com a sustentabilidade na gest\u00e3o de res\u00edduos.<br \/>\nEm 2023, deu um passo adiante com a implementa\u00e7\u00e3o de um programa voltado ao aprimoramento das diretrizes ESG, com o objetivo de fortalecer esse compromisso e incentivar que os eventos realizados no Rebou\u00e7as tamb\u00e9m estejam alinhados a esse prop\u00f3sito.<\/p>\n<p><b>Clique na imagem abaixo e confira nossas iniciativas:<\/b><\/p>\n<\/div><\/header><\/div><div  class=\"wpb_content_element   clearfix\"><style type=\"text\/css\">#ut_am_69d0bda916745 { opacity: 1; }#ut_am_wrap_69d0bda916746 .ut-image-gallery-item-caption-title h3 { letter-spacing: -0.01em; }#ut_am_wrap_69d0bda916746 .ut-gallery-slider-caption { font-weight: bold; }#ut_am_wrap_69d0bda916746 { text-align: center; }@media (min-width: 768px) and (max-width: 1024px) { #ut_am_wrap_69d0bda916746 { text-align: center !important; } }@media (max-width: 767px) { #ut_am_wrap_69d0bda916746 { text-align: center !important; } }<\/style><div id=\"ut_am_wrap_69d0bda916746\" class=\"ut-image-gallery-image \"><div id=\"ut_reveal_69d0bda916748\"  data-appear-top-offset=\"auto\" class=\"ut-animated-image-item ut-image-gallery-item ut-animation-done \"><a target=\"_blank\" href=\"https:\/\/convencoesreboucas.com.br\/ccr\/conteudo\/esg_website_reboucas.pdf\" ><div class=\"ut-animated-image-zoom\"><img loading=\"lazy\" decoding=\"async\" class=\"ut-lazy skip-lazy ut-animated-image \"  id=\"ut_am_69d0bda916745\" src=\"data:image\/svg+xml;charset=utf-8,%3Csvg xmlns%3D'http%3A%2F%2Fwww.w3.org%2F2000%2Fsvg' viewBox%3D'0 0 650 366'%2F%3E\" data-src=\"https:\/\/caetano.me\/ccrnovo\/wp-content\/uploads\/2025\/04\/esg_praticas-650x366.jpeg\" width=\"650\" height=\"366\" alt=\"\"\/><\/div><\/a><\/div><\/div><\/div><style type=\"text\/css\">#bklyn_btn_69d0bda916800 .bklyn-btn { color:#000000 !important; }#bklyn_btn_69d0bda916800 .bklyn-btn:hover{ color:#FFFFFF !important; }#bklyn_btn_69d0bda916800 .bklyn-btn:focus{ color:#FFFFFF !important; }#bklyn_btn_69d0bda916800 .bklyn-btn:active { color:#FFFFFF !important; }#bklyn_btn_69d0bda916800 a.bklyn-btn { font-weight:700 !important; }#bklyn_btn_69d0bda916800.bklyn-btn-header a.bklyn-btn { font-weight:700 !important; }#bklyn_btn_69d0bda916800.bklyn-btn-header a.bklyn-btn span { font-weight:700 !important; }#bklyn_btn_69d0bda916800 a.bklyn-btn { font-family:inherit !important; }<\/style><div id=\"bklyn_btn_69d0bda916800\" class=\"bklyn-btn-holder  bklyn-btn-center bklyn-btn-tablet-center bklyn-btn-mobile-center\"><a title=\"\"   href=\"https:\/\/convencoesreboucas.com.br\/ccr\/conteudo\/esg_website_reboucas.pdf\" target=\"_blank\" class=\"bklyn-btn  bklyn-btn-normal\" ><span class=\"ut-btn-text\">DOWNLOAD<\/span><\/a><\/div>[\/vc_column][\/vc_row][vc_row el_id=&#8221;praticas&#8221; el_name=&#8221;Pr\u00e1ticas&#8221;][vc_column]<div class=\"wpb_content_element \"><style type=\"text\/css\">#ut_header_69d0bda916fa2 h2.section-title { font-size:40px !important;letter-spacing:-0.03em; }<\/style><header id=\"ut_header_69d0bda916fa2\" class=\"section-header  pt-style-1 header-center header-tablet-center header-mobile-center\"><h2 data-title=\"SUGEST\u00d5ES ESG\"  data-responsive-font=\"section_title\" data-responsive-font-settings=\"{&quot;base-font-size&quot;:&quot;global&quot;,&quot;font-size&quot;:{&quot;desktop_large&quot;:&quot;40&quot;},&quot;base-line-height&quot;:&quot;global&quot;,&quot;base-letter-spacing&quot;:&quot;global&quot;,&quot;letter-spacing&quot;:{&quot;desktop_large&quot;:&quot;-0.03&quot;}}\" class=\"bklyn-divider-styles bklyn-divider-style-1 section-title \"><span>SUGEST\u00d5ES ESG<\/span><\/h2><div data-delay=\"0\" class=\"lead \"><p>Sugest\u00f5es de protocolos ESG para os eventos no Centro de Conven\u00e7\u00f5es Rebou\u00e7as<\/p>\n<\/div><\/header><\/div><div  class=\"wpb_content_element   clearfix\"><style type=\"text\/css\">#ut_am_69d0bda9181c0 { opacity: 1; }#ut_am_wrap_69d0bda9181c1 .ut-image-gallery-item-caption-title h3 { letter-spacing: -0.01em; }#ut_am_wrap_69d0bda9181c1 .ut-gallery-slider-caption { font-weight: bold; }#ut_am_wrap_69d0bda9181c1 { text-align: center; }@media (min-width: 768px) and (max-width: 1024px) { #ut_am_wrap_69d0bda9181c1 { text-align: center !important; } }@media (max-width: 767px) { #ut_am_wrap_69d0bda9181c1 { text-align: center !important; } }<\/style><div id=\"ut_am_wrap_69d0bda9181c1\" class=\"ut-image-gallery-image \"><div id=\"ut_reveal_69d0bda9181c2\"  data-appear-top-offset=\"auto\" class=\"ut-animated-image-item ut-image-gallery-item ut-animation-done \"><a target=\"_blank\" href=\"https:\/\/convencoesreboucas.com.br\/ccr\/conteudo\/CCR-FINAL.pdf\" ><div class=\"ut-animated-image-zoom\"><img loading=\"lazy\" decoding=\"async\" class=\"ut-lazy skip-lazy ut-animated-image \"  id=\"ut_am_69d0bda9181c0\" src=\"data:image\/svg+xml;charset=utf-8,%3Csvg xmlns%3D'http%3A%2F%2Fwww.w3.org%2F2000%2Fsvg' viewBox%3D'0 0 650 366'%2F%3E\" data-src=\"https:\/\/caetano.me\/ccrnovo\/wp-content\/uploads\/2025\/05\/esg_sugestoes.jpg\" width=\"650\" height=\"366\" alt=\"\"\/><\/div><\/a><\/div><\/div><\/div><style type=\"text\/css\">#bklyn_btn_69d0bda918268 .bklyn-btn { color:#000000 !important; }#bklyn_btn_69d0bda918268 .bklyn-btn:hover{ color:#FFFFFF !important; }#bklyn_btn_69d0bda918268 .bklyn-btn:focus{ color:#FFFFFF !important; }#bklyn_btn_69d0bda918268 .bklyn-btn:active { color:#FFFFFF !important; }#bklyn_btn_69d0bda918268 a.bklyn-btn { font-weight:700 !important; }#bklyn_btn_69d0bda918268.bklyn-btn-header a.bklyn-btn { font-weight:700 !important; }#bklyn_btn_69d0bda918268.bklyn-btn-header a.bklyn-btn span { font-weight:700 !important; }#bklyn_btn_69d0bda918268 a.bklyn-btn { font-family:inherit !important; }<\/style><div id=\"bklyn_btn_69d0bda918268\" class=\"bklyn-btn-holder  bklyn-btn-center bklyn-btn-tablet-center bklyn-btn-mobile-center\"><a title=\"\"   href=\"https:\/\/convencoesreboucas.com.br\/ccr\/conteudo\/CCR-FINAL.pdf\" target=\"_blank\" class=\"bklyn-btn  bklyn-btn-normal\" ><span class=\"ut-btn-text\">DOWNLOAD<\/span><\/a><\/div>[\/vc_column][\/vc_row][\/vc_section][vc_row][vc_column]<style>.vc_custom_1743890174929{margin-top: 0px !important;border-top-width: 0px !important;padding-top: 0px !important;}.vc_custom_1748027414057{margin-top: 0px !important;margin-right: 0px !important;margin-bottom: 0px !important;margin-left: 0px !important;border-top-width: 0px !important;border-right-width: 0px !important;border-bottom-width: 0px !important;border-left-width: 0px !important;padding-top: 0px !important;padding-right: 0px !important;padding-bottom: 0px !important;padding-left: 0px !important;}<\/style><div class=\"wpb-content-wrapper\"><p>[vc_section full_width=&#8221;stretch_row_content&#8221; content_placement=&#8221;top&#8221; css=&#8221;.vc_custom_1743890174929{margin-top: 0px !important;border-top-width: 0px !important;padding-top: 0px !important;}&#8221;][vc_row][vc_column]<div class=\"wpb_content_element \"><style type=\"text\/css\">#ut_header_69d0bda918c5f h1.section-title { font-size:40px !important;letter-spacing:-0.03em; }<\/style><header id=\"ut_header_69d0bda918c5f\" class=\"section-header  ut-no-lead-linebreak-mobile ut-no-lead-linebreak-tablet pt-style-1 header-center header-tablet-center header-mobile-center\"><h1 data-title=\"ESPA\u00c7OS\"  data-responsive-font=\"section_title\" data-responsive-font-settings=\"{&quot;base-font-size&quot;:&quot;global&quot;,&quot;font-size&quot;:{&quot;desktop_large&quot;:&quot;40&quot;},&quot;base-line-height&quot;:&quot;global&quot;,&quot;base-letter-spacing&quot;:&quot;global&quot;,&quot;letter-spacing&quot;:{&quot;desktop_large&quot;:&quot;-0.03&quot;}}\" class=\"bklyn-divider-styles bklyn-divider-style-1 section-title \"><span>ESPA\u00c7OS<\/span><\/h1><div data-delay=\"0\" class=\"lead \"><p>O Rebou\u00e7as oferece espa\u00e7os projetados para diferentes formatos de evento, aliando tecnologia, conforto e acessibilidade na regi\u00e3o mais estrat\u00e9gica da cidade.<br \/>\n\u00c9 o cen\u00e1rio ideal para congressos, feiras, conven\u00e7\u00f5es e treinamentos.<\/p>\n<\/div><\/header><\/div>[\/vc_column][\/vc_row][vc_row full_width=&#8221;stretch_row_content_no_spaces&#8221; gap=&#8221;2&#8243; content_placement=&#8221;top&#8221; css=&#8221;.vc_custom_1748027414057{margin-top: 0px !important;margin-right: 0px !important;margin-bottom: 0px !important;margin-left: 0px !important;border-top-width: 0px !important;border-right-width: 0px !important;border-bottom-width: 0px !important;border-left-width: 0px !important;padding-top: 0px !important;padding-right: 0px !important;padding-bottom: 0px !important;padding-left: 0px !important;}&#8221;][vc_column width=&#8221;1\/3&#8243;]<style type=\"text\/css\">#ut_fancy_image_69d0bda919880 .ut-fancy-image figcaption h3 { color: #FFFFFF; }#ut_fancy_image_69d0bda919880 .ut-fancy-image:hover figcaption h3 { color: #FFFFFF; }#ut_fancy_image_69d0bda919880 .ut-fancy-image p { color: #FFFFFF; }#ut_fancy_image_69d0bda919880 .ut-fancy-image { background: #000000; }<\/style><div id=\"ut_fancy_image_69d0bda919880\" class=\"ut-fancy-image-wrap \"><a target=\"_self\" href=\"https:\/\/caetano.me\/ccrnovo\/auditorios\/\" ><figure class=\"ut-fancy-image\">\r\n        <img loading=\"lazy\" decoding=\"async\" data-adaptive-images=\"{&quot;300&quot;:&quot;https:\\\/\\\/caetano.me\\\/ccrnovo\\\/wp-content\\\/uploads\\\/2025\\\/04\\\/menu_auditoriosb-300x443.jpg&quot;,&quot;500&quot;:&quot;https:\\\/\\\/caetano.me\\\/ccrnovo\\\/wp-content\\\/uploads\\\/2025\\\/04\\\/menu_auditoriosb-500x738.jpg&quot;,&quot;750&quot;:&quot;https:\\\/\\\/caetano.me\\\/ccrnovo\\\/wp-content\\\/uploads\\\/2025\\\/04\\\/menu_auditoriosb-750x1108.jpg&quot;,&quot;1000&quot;:&quot;https:\\\/\\\/caetano.me\\\/ccrnovo\\\/wp-content\\\/uploads\\\/2025\\\/04\\\/menu_auditoriosb-1000x1477.jpg&quot;,&quot;1500&quot;:&quot;https:\\\/\\\/caetano.me\\\/ccrnovo\\\/wp-content\\\/uploads\\\/2025\\\/04\\\/menu_auditoriosb-1500x2215.jpg&quot;,&quot;2500&quot;:&quot;https:\\\/\\\/caetano.me\\\/ccrnovo\\\/wp-content\\\/uploads\\\/2025\\\/04\\\/menu_auditoriosb-2500x3692.jpg&quot;}\" src=\"data:image\/svg+xml;charset=utf-8,%3Csvg xmlns%3D&#039;http%3A%2F%2Fwww.w3.org%2F2000%2Fsvg&#039; viewBox%3D&#039;0 0 1500 2215&#039;%2F%3E\" width=\"1500\" height=\"2215\" data-src=\"https:\/\/caetano.me\/ccrnovo\/wp-content\/uploads\/2025\/04\/menu_auditoriosb-1500x2215.jpg\" data-image-id=\"2392\" class=\"ut-adaptive-image wp-post-image skip-lazy \">\r\n\r\n        <figcaption><h3>AUDIT\u00d3RIOS<\/h3><p>Conhe\u00e7a nossos espa\u00e7os<\/p><\/figcaption><\/figure><\/a><\/div>[\/vc_column][vc_column width=&#8221;1\/3&#8243;]<style type=\"text\/css\">#ut_fancy_image_69d0bda929674 .ut-fancy-image figcaption h3 { color: #FFFFFF; }#ut_fancy_image_69d0bda929674 .ut-fancy-image:hover figcaption h3 { color: #FFFFFF; }#ut_fancy_image_69d0bda929674 .ut-fancy-image p { color: #FFFFFF; }#ut_fancy_image_69d0bda929674 .ut-fancy-image { background: #000000; }#ut_fancy_image_69d0bda929674.ut-fancy-image-wrap { margin-bottom: 2px; }<\/style><div id=\"ut_fancy_image_69d0bda929674\" class=\"ut-fancy-image-wrap \"><a target=\"_self\" href=\"https:\/\/caetano.me\/ccrnovo\/saloes\/\" ><figure class=\"ut-fancy-image\">\r\n        <img loading=\"lazy\" decoding=\"async\" data-adaptive-images=\"{&quot;300&quot;:&quot;https:\\\/\\\/caetano.me\\\/ccrnovo\\\/wp-content\\\/uploads\\\/2025\\\/04\\\/menu_saloes-300x249.jpg&quot;,&quot;500&quot;:&quot;https:\\\/\\\/caetano.me\\\/ccrnovo\\\/wp-content\\\/uploads\\\/2025\\\/04\\\/menu_saloes-500x415.jpg&quot;,&quot;750&quot;:&quot;https:\\\/\\\/caetano.me\\\/ccrnovo\\\/wp-content\\\/uploads\\\/2025\\\/04\\\/menu_saloes-750x623.jpg&quot;,&quot;1000&quot;:&quot;https:\\\/\\\/caetano.me\\\/ccrnovo\\\/wp-content\\\/uploads\\\/2025\\\/04\\\/menu_saloes-1000x831.jpg&quot;,&quot;1500&quot;:&quot;https:\\\/\\\/caetano.me\\\/ccrnovo\\\/wp-content\\\/uploads\\\/2025\\\/04\\\/menu_saloes-1500x1246.jpg&quot;,&quot;2500&quot;:&quot;https:\\\/\\\/caetano.me\\\/ccrnovo\\\/wp-content\\\/uploads\\\/2025\\\/04\\\/menu_saloes-2500x2077.jpg&quot;}\" src=\"data:image\/svg+xml;charset=utf-8,%3Csvg xmlns%3D&#039;http%3A%2F%2Fwww.w3.org%2F2000%2Fsvg&#039; viewBox%3D&#039;0 0 1500 1246&#039;%2F%3E\" width=\"1500\" height=\"1246\" data-src=\"https:\/\/caetano.me\/ccrnovo\/wp-content\/uploads\/2025\/04\/menu_saloes-1500x1246.jpg\" data-image-id=\"1995\" class=\"ut-adaptive-image wp-post-image skip-lazy \">\r\n\r\n        <figcaption><h3>SAL\u00d5ES<\/h3><p>Conhe\u00e7a nossos espa\u00e7os<\/p><\/figcaption><\/figure><\/a><\/div><style type=\"text\/css\">#ut_fancy_image_69d0bda9391fd .ut-fancy-image figcaption h3 { color: #FFFFFF; }#ut_fancy_image_69d0bda9391fd .ut-fancy-image:hover figcaption h3 { color: #FFFFFF; }#ut_fancy_image_69d0bda9391fd .ut-fancy-image p { color: #FFFFFF; }#ut_fancy_image_69d0bda9391fd .ut-fancy-image { background: #000000; }#ut_fancy_image_69d0bda9391fd.ut-fancy-image-wrap { margin-bottom: 0px; }<\/style><div id=\"ut_fancy_image_69d0bda9391fd\" class=\"ut-fancy-image-wrap \"><a target=\"_self\" href=\"https:\/\/caetano.me\/ccrnovo\/salas\/\" ><figure class=\"ut-fancy-image\">\r\n        <img loading=\"lazy\" decoding=\"async\" data-adaptive-images=\"{&quot;300&quot;:&quot;https:\\\/\\\/caetano.me\\\/ccrnovo\\\/wp-content\\\/uploads\\\/2025\\\/04\\\/menu_salas-300x194.jpg&quot;,&quot;500&quot;:&quot;https:\\\/\\\/caetano.me\\\/ccrnovo\\\/wp-content\\\/uploads\\\/2025\\\/04\\\/menu_salas-500x323.jpg&quot;,&quot;750&quot;:&quot;https:\\\/\\\/caetano.me\\\/ccrnovo\\\/wp-content\\\/uploads\\\/2025\\\/04\\\/menu_salas-750x485.jpg&quot;,&quot;1000&quot;:&quot;https:\\\/\\\/caetano.me\\\/ccrnovo\\\/wp-content\\\/uploads\\\/2025\\\/04\\\/menu_salas-1000x646.jpg&quot;,&quot;1500&quot;:&quot;https:\\\/\\\/caetano.me\\\/ccrnovo\\\/wp-content\\\/uploads\\\/2025\\\/04\\\/menu_salas-1500x969.jpg&quot;,&quot;2500&quot;:&quot;https:\\\/\\\/caetano.me\\\/ccrnovo\\\/wp-content\\\/uploads\\\/2025\\\/04\\\/menu_salas-2500x1615.jpg&quot;}\" src=\"data:image\/svg+xml;charset=utf-8,%3Csvg xmlns%3D&#039;http%3A%2F%2Fwww.w3.org%2F2000%2Fsvg&#039; viewBox%3D&#039;0 0 1500 969&#039;%2F%3E\" width=\"1500\" height=\"969\" data-src=\"https:\/\/caetano.me\/ccrnovo\/wp-content\/uploads\/2025\/04\/menu_salas-1500x969.jpg\" data-image-id=\"1994\" class=\"ut-adaptive-image wp-post-image skip-lazy \">\r\n\r\n        <figcaption><h3>SALAS<\/h3><p>Conhe\u00e7a nossos espa\u00e7os<\/p><\/figcaption><\/figure><\/a><\/div>[\/vc_column][vc_column width=&#8221;1\/3&#8243;]<style type=\"text\/css\">#ut_fancy_image_69d0bda94898f .ut-fancy-image figcaption h3 { color: #FFFFFF; }#ut_fancy_image_69d0bda94898f .ut-fancy-image:hover figcaption h3 { color: #FFFFFF; }#ut_fancy_image_69d0bda94898f .ut-fancy-image p { color: #FFFFFF; }#ut_fancy_image_69d0bda94898f .ut-fancy-image { background: #000000; }<\/style><div id=\"ut_fancy_image_69d0bda94898f\" class=\"ut-fancy-image-wrap \"><a target=\"_self\" href=\"https:\/\/caetano.me\/ccrnovo\/areas\/\" ><figure class=\"ut-fancy-image\">\r\n        <img loading=\"lazy\" decoding=\"async\" data-adaptive-images=\"{&quot;300&quot;:&quot;https:\\\/\\\/caetano.me\\\/ccrnovo\\\/wp-content\\\/uploads\\\/2025\\\/04\\\/menu_areas_apoio-300x443.jpg&quot;,&quot;500&quot;:&quot;https:\\\/\\\/caetano.me\\\/ccrnovo\\\/wp-content\\\/uploads\\\/2025\\\/04\\\/menu_areas_apoio-500x738.jpg&quot;,&quot;750&quot;:&quot;https:\\\/\\\/caetano.me\\\/ccrnovo\\\/wp-content\\\/uploads\\\/2025\\\/04\\\/menu_areas_apoio-750x1108.jpg&quot;,&quot;1000&quot;:&quot;https:\\\/\\\/caetano.me\\\/ccrnovo\\\/wp-content\\\/uploads\\\/2025\\\/04\\\/menu_areas_apoio-1000x1477.jpg&quot;,&quot;1500&quot;:&quot;https:\\\/\\\/caetano.me\\\/ccrnovo\\\/wp-content\\\/uploads\\\/2025\\\/04\\\/menu_areas_apoio-1500x2215.jpg&quot;,&quot;2500&quot;:&quot;https:\\\/\\\/caetano.me\\\/ccrnovo\\\/wp-content\\\/uploads\\\/2025\\\/04\\\/menu_areas_apoio-2500x3692.jpg&quot;}\" src=\"data:image\/svg+xml;charset=utf-8,%3Csvg xmlns%3D&#039;http%3A%2F%2Fwww.w3.org%2F2000%2Fsvg&#039; viewBox%3D&#039;0 0 1500 2215&#039;%2F%3E\" width=\"1500\" height=\"2215\" data-src=\"https:\/\/caetano.me\/ccrnovo\/wp-content\/uploads\/2025\/04\/menu_areas_apoio-1500x2215.jpg\" data-image-id=\"1993\" class=\"ut-adaptive-image wp-post-image skip-lazy \">\r\n\r\n        <figcaption><h3>\u00c1REAS DE APOIO<\/h3><p>Conhe\u00e7a nossos espa\u00e7os<\/p><\/figcaption><\/figure><\/a><\/div>[\/vc_column][\/vc_row][\/vc_section]<\/p>\n<\/div>[\/vc_column][\/vc_row]<\/p>\n<\/div>","protected":false},"excerpt":{"rendered":"<p>[vc_section][vc_row el_id=&#8221;protocolos&#8221; el_name=&#8221;Protocolos&#8221;][vc_column][\/vc_column][\/vc_row][vc_row el_id=&#8221;praticas&#8221; el_name=&#8221;Pr\u00e1ticas&#8221;][vc_column][\/vc_column][\/vc_row][\/vc_section][vc_row][vc_column][\/vc_column][\/vc_row]<\/p>\n","protected":false},"author":1,"featured_media":0,"parent":0,"menu_order":0,"comment_status":"closed","ping_status":"closed","template":"","meta":{"footnotes":""},"class_list":["post-2296","page","type-page","status-publish","hentry"],"_links":{"self":[{"href":"https:\/\/caetano.me\/ccrnovo\/wp-json\/wp\/v2\/pages\/2296","targetHints":{"allow":["GET"]}}],"collection":[{"href":"https:\/\/caetano.me\/ccrnovo\/wp-json\/wp\/v2\/pages"}],"about":[{"href":"https:\/\/caetano.me\/ccrnovo\/wp-json\/wp\/v2\/types\/page"}],"author":[{"embeddable":true,"href":"https:\/\/caetano.me\/ccrnovo\/wp-json\/wp\/v2\/users\/1"}],"replies":[{"embeddable":true,"href":"https:\/\/caetano.me\/ccrnovo\/wp-json\/wp\/v2\/comments?post=2296"}],"version-history":[{"count":10,"href":"https:\/\/caetano.me\/ccrnovo\/wp-json\/wp\/v2\/pages\/2296\/revisions"}],"predecessor-version":[{"id":2691,"href":"https:\/\/caetano.me\/ccrnovo\/wp-json\/wp\/v2\/pages\/2296\/revisions\/2691"}],"wp:attachment":[{"href":"https:\/\/caetano.me\/ccrnovo\/wp-json\/wp\/v2\/media?parent=2296"}],"curies":[{"name":"wp","href":"https:\/\/api.w.org\/{rel}","templated":true}]}}