{"id":2299,"date":"2025-04-05T22:51:07","date_gmt":"2025-04-06T01:51:07","guid":{"rendered":"https:\/\/caetano.me\/ccrnovo\/?page_id=2299"},"modified":"2025-04-06T10:48:09","modified_gmt":"2025-04-06T13:48:09","slug":"orcamento","status":"publish","type":"page","link":"https:\/\/caetano.me\/ccrnovo\/orcamento\/","title":{"rendered":"Or\u00e7amento"},"content":{"rendered":"<div class=\"wpb-content-wrapper\"><p>[vc_section][vc_row][vc_column]<div class=\"wpb_content_element \"><style type=\"text\/css\">#ut_header_69d0bb695ee2e h2.section-title { font-size:40px !important;letter-spacing:-0.03em; }<\/style><header id=\"ut_header_69d0bb695ee2e\" class=\"section-header  pt-style-1 header-center header-tablet-center header-mobile-center\"><h2 data-title=\"OR\u00c7AMENTO\"  data-responsive-font=\"section_title\" data-responsive-font-settings=\"{&quot;base-font-size&quot;:&quot;global&quot;,&quot;font-size&quot;:{&quot;desktop_large&quot;:&quot;40&quot;},&quot;base-line-height&quot;:&quot;global&quot;,&quot;base-letter-spacing&quot;:&quot;global&quot;,&quot;letter-spacing&quot;:{&quot;desktop_large&quot;:&quot;-0.03&quot;}}\" class=\"bklyn-divider-styles bklyn-divider-style-1 section-title \"><span>OR\u00c7AMENTO<\/span><\/h2><div data-delay=\"0\" class=\"lead \"><p>Complete o formul\u00e1rio abaixo e entraremos em contato o mais breve poss\u00edvel:<\/p>\n<\/div><\/header><\/div><div id=\"ut_cf7_colors_69d0bb696339e\" class=\"wpb_content_element  \">\n<div class=\"wpcf7 no-js\" id=\"wpcf7-f2351-o1\" lang=\"pt-BR\" dir=\"ltr\" data-wpcf7-id=\"2351\">\n<div class=\"screen-reader-response\"><p role=\"status\" aria-live=\"polite\" aria-atomic=\"true\"><\/p> <ul><\/ul><\/div>\n<form action=\"\/ccrnovo\/wp-json\/wp\/v2\/pages\/2299#wpcf7-f2351-o1\" method=\"post\" class=\"wpcf7-form init\" aria-label=\"Formul\u00e1rios de contato\" novalidate=\"novalidate\" data-status=\"init\">\n<fieldset class=\"hidden-fields-container\"><input type=\"hidden\" name=\"_wpcf7\" value=\"2351\" \/><input type=\"hidden\" name=\"_wpcf7_version\" value=\"6.1.1\" \/><input type=\"hidden\" name=\"_wpcf7_locale\" value=\"pt_BR\" \/><input type=\"hidden\" name=\"_wpcf7_unit_tag\" value=\"wpcf7-f2351-o1\" \/><input type=\"hidden\" name=\"_wpcf7_container_post\" value=\"0\" \/><input type=\"hidden\" name=\"_wpcf7_posted_data_hash\" value=\"\" \/>\n<\/fieldset>\n<label> Contato\n    <span class=\"wpcf7-form-control-wrap\" data-name=\"nome\"><input size=\"40\" maxlength=\"400\" class=\"wpcf7-form-control wpcf7-text wpcf7-validates-as-required\" aria-required=\"true\" aria-invalid=\"false\" value=\"\" type=\"text\" name=\"nome\" \/><\/span> <\/label>\n\n<label> E-mail\n    <span class=\"wpcf7-form-control-wrap\" data-name=\"email\"><input size=\"40\" maxlength=\"400\" class=\"wpcf7-form-control wpcf7-email wpcf7-validates-as-required wpcf7-text wpcf7-validates-as-email\" aria-required=\"true\" aria-invalid=\"false\" value=\"\" type=\"email\" name=\"email\" \/><\/span> <\/label>\n\n<label> Telefone\n    <span class=\"wpcf7-form-control-wrap\" data-name=\"telefone\"><input size=\"40\" maxlength=\"400\" class=\"wpcf7-form-control wpcf7-tel wpcf7-validates-as-required wpcf7-text wpcf7-validates-as-tel\" aria-required=\"true\" aria-invalid=\"false\" value=\"\" type=\"tel\" name=\"telefone\" \/><\/span> <\/label>\n\n<p>J\u00e1 \u00e9 cliente?\n<span class=\"wpcf7-form-control-wrap\" data-name=\"cliente\"><span class=\"wpcf7-form-control wpcf7-checkbox wpcf7-validates-as-required wpcf7-exclusive-checkbox\"><span class=\"wpcf7-list-item first\"><label><input type=\"checkbox\" name=\"cliente\" value=\"Sim\" \/><span class=\"wpcf7-list-item-label\">Sim<\/span><\/label><\/span><span class=\"wpcf7-list-item last\"><label><input type=\"checkbox\" name=\"cliente\" value=\"N\u00e3o\" \/><span class=\"wpcf7-list-item-label\">N\u00e3o<\/span><\/label><\/span><\/span><\/span><\/p>\n\n<label> Empresa\n    <span class=\"wpcf7-form-control-wrap\" data-name=\"empresa\"><input size=\"40\" maxlength=\"400\" class=\"wpcf7-form-control wpcf7-text wpcf7-validates-as-required\" aria-required=\"true\" aria-invalid=\"false\" value=\"\" type=\"text\" name=\"empresa\" \/><\/span> <\/label>\n\n<label> CNPJ\n    <span class=\"wpcf7-form-control-wrap\" data-name=\"cnpj\"><input size=\"40\" maxlength=\"400\" class=\"wpcf7-form-control wpcf7-text wpcf7-validates-as-required\" aria-required=\"true\" aria-invalid=\"false\" value=\"\" type=\"text\" name=\"cnpj\" \/><\/span> <\/label>\n\n<label> Assunto\n    <span class=\"wpcf7-form-control-wrap\" data-name=\"assunto\"><input size=\"40\" maxlength=\"400\" class=\"wpcf7-form-control wpcf7-text wpcf7-validates-as-required\" aria-required=\"true\" aria-invalid=\"false\" value=\"\" type=\"text\" name=\"assunto\" \/><\/span> <\/label>\n\n<label> Solicita\u00e7\u00e3o\n    <span class=\"wpcf7-form-control-wrap\" data-name=\"solicitacao\"><textarea cols=\"40\" rows=\"10\" maxlength=\"2000\" class=\"wpcf7-form-control wpcf7-textarea wpcf7-validates-as-required\" aria-required=\"true\" aria-invalid=\"false\" name=\"solicitacao\"><\/textarea><\/span> <\/label>\n\n<label> Nome do Evento\n    <span class=\"wpcf7-form-control-wrap\" data-name=\"evento\"><input size=\"40\" maxlength=\"400\" class=\"wpcf7-form-control wpcf7-text wpcf7-validates-as-required\" aria-required=\"true\" aria-invalid=\"false\" value=\"\" type=\"text\" name=\"evento\" \/><\/span> <\/label>\n\n<label> Segmento\n    <span class=\"wpcf7-form-control-wrap\" data-name=\"segmento\"><input size=\"40\" maxlength=\"400\" class=\"wpcf7-form-control wpcf7-text wpcf7-validates-as-required\" aria-required=\"true\" aria-invalid=\"false\" value=\"\" type=\"text\" name=\"segmento\" \/><\/span> <\/label>\n\n<label> Data do Evento\n<span class=\"wpcf7-form-control-wrap\" data-name=\"data\"><input class=\"wpcf7-form-control wpcf7-date wpcf7-validates-as-required wpcf7-validates-as-date\" aria-required=\"true\" aria-invalid=\"false\" value=\"2026-01-01\" type=\"date\" name=\"data\" \/><\/span> <\/label>\n\n<label> Previs\u00e3o de Participantes\n    <span class=\"wpcf7-form-control-wrap\" data-name=\"previsao\"><input size=\"40\" maxlength=\"400\" class=\"wpcf7-form-control wpcf7-text wpcf7-validates-as-required\" aria-required=\"true\" aria-invalid=\"false\" value=\"\" type=\"text\" name=\"previsao\" \/><\/span> <\/label>\n\n<p>Haver\u00e1 exposi\u00e7\u00e3o no evento?\n<span class=\"wpcf7-form-control-wrap\" data-name=\"exposicao\"><span class=\"wpcf7-form-control wpcf7-checkbox wpcf7-validates-as-required wpcf7-exclusive-checkbox\"><span class=\"wpcf7-list-item first\"><label><input type=\"checkbox\" name=\"exposicao\" value=\"Sim\" \/><span class=\"wpcf7-list-item-label\">Sim<\/span><\/label><\/span><span class=\"wpcf7-list-item last\"><label><input type=\"checkbox\" name=\"exposicao\" value=\"N\u00e3o\" \/><span class=\"wpcf7-list-item-label\">N\u00e3o<\/span><\/label><\/span><\/span><\/span><\/p>\n\n<label> Como tomou conhecimento do Centro de Conven\u00e7\u00f5es Rebou\u00e7as?\n     <span class=\"wpcf7-form-control-wrap\" data-name=\"conhecimento\"><select class=\"wpcf7-form-control wpcf7-select wpcf7-validates-as-required\" aria-required=\"true\" aria-invalid=\"false\" name=\"conhecimento\"><option value=\"Indica\u00e7\u00e3o\">Indica\u00e7\u00e3o<\/option><option value=\"Instagram\/Facebook\">Instagram\/Facebook<\/option><option value=\"LinkedIn\">LinkedIn<\/option><option value=\"Google\">Google<\/option><option value=\"Evento\">Evento<\/option><option value=\"J\u00e1 conhecia\">J\u00e1 conhecia<\/option><option value=\"Outro\">Outro<\/option><\/select><\/span> <\/label>\n\n<label> <span class=\"wpcf7-form-control-wrap\" data-name=\"Outro\"><input size=\"40\" maxlength=\"400\" class=\"wpcf7-form-control wpcf7-text\" aria-invalid=\"false\" value=\"\" type=\"text\" name=\"Outro\" \/><\/span> <\/label>\n\n<input class=\"wpcf7-form-control wpcf7-submit has-spinner\" type=\"submit\" value=\"Enviar\" \/><div class=\"wpcf7-response-output\" aria-hidden=\"true\"><\/div>\n<\/form>\n<\/div>\n<\/div>[\/vc_column][\/vc_row][\/vc_section][vc_row][vc_column]<style>.vc_custom_1743890174929{margin-top: 0px !important;border-top-width: 0px !important;padding-top: 0px !important;}.vc_custom_1748027414057{margin-top: 0px !important;margin-right: 0px !important;margin-bottom: 0px !important;margin-left: 0px !important;border-top-width: 0px !important;border-right-width: 0px !important;border-bottom-width: 0px !important;border-left-width: 0px !important;padding-top: 0px !important;padding-right: 0px !important;padding-bottom: 0px !important;padding-left: 0px !important;}<\/style><div class=\"wpb-content-wrapper\"><p>[vc_section full_width=&#8221;stretch_row_content&#8221; content_placement=&#8221;top&#8221; css=&#8221;.vc_custom_1743890174929{margin-top: 0px !important;border-top-width: 0px !important;padding-top: 0px !important;}&#8221;][vc_row][vc_column]<div class=\"wpb_content_element \"><style type=\"text\/css\">#ut_header_69d0bb69647e4 h1.section-title { font-size:40px !important;letter-spacing:-0.03em; }<\/style><header id=\"ut_header_69d0bb69647e4\" class=\"section-header  ut-no-lead-linebreak-mobile ut-no-lead-linebreak-tablet pt-style-1 header-center header-tablet-center header-mobile-center\"><h1 data-title=\"ESPA\u00c7OS\"  data-responsive-font=\"section_title\" data-responsive-font-settings=\"{&quot;base-font-size&quot;:&quot;global&quot;,&quot;font-size&quot;:{&quot;desktop_large&quot;:&quot;40&quot;},&quot;base-line-height&quot;:&quot;global&quot;,&quot;base-letter-spacing&quot;:&quot;global&quot;,&quot;letter-spacing&quot;:{&quot;desktop_large&quot;:&quot;-0.03&quot;}}\" class=\"bklyn-divider-styles bklyn-divider-style-1 section-title \"><span>ESPA\u00c7OS<\/span><\/h1><div data-delay=\"0\" class=\"lead \"><p>O Rebou\u00e7as oferece espa\u00e7os projetados para diferentes formatos de evento, aliando tecnologia, conforto e acessibilidade na regi\u00e3o mais estrat\u00e9gica da cidade.<br \/>\n\u00c9 o cen\u00e1rio ideal para congressos, feiras, conven\u00e7\u00f5es e treinamentos.<\/p>\n<\/div><\/header><\/div>[\/vc_column][\/vc_row][vc_row full_width=&#8221;stretch_row_content_no_spaces&#8221; gap=&#8221;2&#8243; content_placement=&#8221;top&#8221; css=&#8221;.vc_custom_1748027414057{margin-top: 0px !important;margin-right: 0px !important;margin-bottom: 0px !important;margin-left: 0px !important;border-top-width: 0px !important;border-right-width: 0px !important;border-bottom-width: 0px !important;border-left-width: 0px !important;padding-top: 0px !important;padding-right: 0px !important;padding-bottom: 0px !important;padding-left: 0px !important;}&#8221;][vc_column width=&#8221;1\/3&#8243;]<style type=\"text\/css\">#ut_fancy_image_69d0bb69650ef .ut-fancy-image figcaption h3 { color: #FFFFFF; }#ut_fancy_image_69d0bb69650ef .ut-fancy-image:hover figcaption h3 { color: #FFFFFF; }#ut_fancy_image_69d0bb69650ef .ut-fancy-image p { color: #FFFFFF; }#ut_fancy_image_69d0bb69650ef .ut-fancy-image { background: #000000; }<\/style><div id=\"ut_fancy_image_69d0bb69650ef\" class=\"ut-fancy-image-wrap \"><a target=\"_self\" href=\"https:\/\/caetano.me\/ccrnovo\/auditorios\/\" ><figure class=\"ut-fancy-image\">\r\n        <img loading=\"lazy\" decoding=\"async\" data-adaptive-images=\"{&quot;300&quot;:&quot;https:\\\/\\\/caetano.me\\\/ccrnovo\\\/wp-content\\\/uploads\\\/2025\\\/04\\\/menu_auditoriosb-300x443.jpg&quot;,&quot;500&quot;:&quot;https:\\\/\\\/caetano.me\\\/ccrnovo\\\/wp-content\\\/uploads\\\/2025\\\/04\\\/menu_auditoriosb-500x738.jpg&quot;,&quot;750&quot;:&quot;https:\\\/\\\/caetano.me\\\/ccrnovo\\\/wp-content\\\/uploads\\\/2025\\\/04\\\/menu_auditoriosb-750x1108.jpg&quot;,&quot;1000&quot;:&quot;https:\\\/\\\/caetano.me\\\/ccrnovo\\\/wp-content\\\/uploads\\\/2025\\\/04\\\/menu_auditoriosb-1000x1477.jpg&quot;,&quot;1500&quot;:&quot;https:\\\/\\\/caetano.me\\\/ccrnovo\\\/wp-content\\\/uploads\\\/2025\\\/04\\\/menu_auditoriosb-1500x2215.jpg&quot;,&quot;2500&quot;:&quot;https:\\\/\\\/caetano.me\\\/ccrnovo\\\/wp-content\\\/uploads\\\/2025\\\/04\\\/menu_auditoriosb-2500x3692.jpg&quot;}\" src=\"data:image\/svg+xml;charset=utf-8,%3Csvg xmlns%3D&#039;http%3A%2F%2Fwww.w3.org%2F2000%2Fsvg&#039; viewBox%3D&#039;0 0 1500 2215&#039;%2F%3E\" width=\"1500\" height=\"2215\" data-src=\"https:\/\/caetano.me\/ccrnovo\/wp-content\/uploads\/2025\/04\/menu_auditoriosb-1500x2215.jpg\" data-image-id=\"2392\" class=\"ut-adaptive-image wp-post-image skip-lazy \">\r\n\r\n        <figcaption><h3>AUDIT\u00d3RIOS<\/h3><p>Conhe\u00e7a nossos espa\u00e7os<\/p><\/figcaption><\/figure><\/a><\/div>[\/vc_column][vc_column width=&#8221;1\/3&#8243;]<style type=\"text\/css\">#ut_fancy_image_69d0bb69757b1 .ut-fancy-image figcaption h3 { color: #FFFFFF; }#ut_fancy_image_69d0bb69757b1 .ut-fancy-image:hover figcaption h3 { color: #FFFFFF; }#ut_fancy_image_69d0bb69757b1 .ut-fancy-image p { color: #FFFFFF; }#ut_fancy_image_69d0bb69757b1 .ut-fancy-image { background: #000000; }#ut_fancy_image_69d0bb69757b1.ut-fancy-image-wrap { margin-bottom: 2px; }<\/style><div id=\"ut_fancy_image_69d0bb69757b1\" class=\"ut-fancy-image-wrap \"><a target=\"_self\" href=\"https:\/\/caetano.me\/ccrnovo\/saloes\/\" ><figure class=\"ut-fancy-image\">\r\n        <img loading=\"lazy\" decoding=\"async\" data-adaptive-images=\"{&quot;300&quot;:&quot;https:\\\/\\\/caetano.me\\\/ccrnovo\\\/wp-content\\\/uploads\\\/2025\\\/04\\\/menu_saloes-300x249.jpg&quot;,&quot;500&quot;:&quot;https:\\\/\\\/caetano.me\\\/ccrnovo\\\/wp-content\\\/uploads\\\/2025\\\/04\\\/menu_saloes-500x415.jpg&quot;,&quot;750&quot;:&quot;https:\\\/\\\/caetano.me\\\/ccrnovo\\\/wp-content\\\/uploads\\\/2025\\\/04\\\/menu_saloes-750x623.jpg&quot;,&quot;1000&quot;:&quot;https:\\\/\\\/caetano.me\\\/ccrnovo\\\/wp-content\\\/uploads\\\/2025\\\/04\\\/menu_saloes-1000x831.jpg&quot;,&quot;1500&quot;:&quot;https:\\\/\\\/caetano.me\\\/ccrnovo\\\/wp-content\\\/uploads\\\/2025\\\/04\\\/menu_saloes-1500x1246.jpg&quot;,&quot;2500&quot;:&quot;https:\\\/\\\/caetano.me\\\/ccrnovo\\\/wp-content\\\/uploads\\\/2025\\\/04\\\/menu_saloes-2500x2077.jpg&quot;}\" src=\"data:image\/svg+xml;charset=utf-8,%3Csvg xmlns%3D&#039;http%3A%2F%2Fwww.w3.org%2F2000%2Fsvg&#039; viewBox%3D&#039;0 0 1500 1246&#039;%2F%3E\" width=\"1500\" height=\"1246\" data-src=\"https:\/\/caetano.me\/ccrnovo\/wp-content\/uploads\/2025\/04\/menu_saloes-1500x1246.jpg\" data-image-id=\"1995\" class=\"ut-adaptive-image wp-post-image skip-lazy \">\r\n\r\n        <figcaption><h3>SAL\u00d5ES<\/h3><p>Conhe\u00e7a nossos espa\u00e7os<\/p><\/figcaption><\/figure><\/a><\/div><style type=\"text\/css\">#ut_fancy_image_69d0bb6985abb .ut-fancy-image figcaption h3 { color: #FFFFFF; }#ut_fancy_image_69d0bb6985abb .ut-fancy-image:hover figcaption h3 { color: #FFFFFF; }#ut_fancy_image_69d0bb6985abb .ut-fancy-image p { color: #FFFFFF; }#ut_fancy_image_69d0bb6985abb .ut-fancy-image { background: #000000; }#ut_fancy_image_69d0bb6985abb.ut-fancy-image-wrap { margin-bottom: 0px; }<\/style><div id=\"ut_fancy_image_69d0bb6985abb\" class=\"ut-fancy-image-wrap \"><a target=\"_self\" href=\"https:\/\/caetano.me\/ccrnovo\/salas\/\" ><figure class=\"ut-fancy-image\">\r\n        <img loading=\"lazy\" decoding=\"async\" data-adaptive-images=\"{&quot;300&quot;:&quot;https:\\\/\\\/caetano.me\\\/ccrnovo\\\/wp-content\\\/uploads\\\/2025\\\/04\\\/menu_salas-300x194.jpg&quot;,&quot;500&quot;:&quot;https:\\\/\\\/caetano.me\\\/ccrnovo\\\/wp-content\\\/uploads\\\/2025\\\/04\\\/menu_salas-500x323.jpg&quot;,&quot;750&quot;:&quot;https:\\\/\\\/caetano.me\\\/ccrnovo\\\/wp-content\\\/uploads\\\/2025\\\/04\\\/menu_salas-750x485.jpg&quot;,&quot;1000&quot;:&quot;https:\\\/\\\/caetano.me\\\/ccrnovo\\\/wp-content\\\/uploads\\\/2025\\\/04\\\/menu_salas-1000x646.jpg&quot;,&quot;1500&quot;:&quot;https:\\\/\\\/caetano.me\\\/ccrnovo\\\/wp-content\\\/uploads\\\/2025\\\/04\\\/menu_salas-1500x969.jpg&quot;,&quot;2500&quot;:&quot;https:\\\/\\\/caetano.me\\\/ccrnovo\\\/wp-content\\\/uploads\\\/2025\\\/04\\\/menu_salas-2500x1615.jpg&quot;}\" src=\"data:image\/svg+xml;charset=utf-8,%3Csvg xmlns%3D&#039;http%3A%2F%2Fwww.w3.org%2F2000%2Fsvg&#039; viewBox%3D&#039;0 0 1500 969&#039;%2F%3E\" width=\"1500\" height=\"969\" data-src=\"https:\/\/caetano.me\/ccrnovo\/wp-content\/uploads\/2025\/04\/menu_salas-1500x969.jpg\" data-image-id=\"1994\" class=\"ut-adaptive-image wp-post-image skip-lazy \">\r\n\r\n        <figcaption><h3>SALAS<\/h3><p>Conhe\u00e7a nossos espa\u00e7os<\/p><\/figcaption><\/figure><\/a><\/div>[\/vc_column][vc_column width=&#8221;1\/3&#8243;]<style type=\"text\/css\">#ut_fancy_image_69d0bb6997d01 .ut-fancy-image figcaption h3 { color: #FFFFFF; }#ut_fancy_image_69d0bb6997d01 .ut-fancy-image:hover figcaption h3 { color: #FFFFFF; }#ut_fancy_image_69d0bb6997d01 .ut-fancy-image p { color: #FFFFFF; }#ut_fancy_image_69d0bb6997d01 .ut-fancy-image { background: #000000; }<\/style><div id=\"ut_fancy_image_69d0bb6997d01\" class=\"ut-fancy-image-wrap \"><a target=\"_self\" href=\"https:\/\/caetano.me\/ccrnovo\/areas\/\" ><figure class=\"ut-fancy-image\">\r\n        <img loading=\"lazy\" decoding=\"async\" data-adaptive-images=\"{&quot;300&quot;:&quot;https:\\\/\\\/caetano.me\\\/ccrnovo\\\/wp-content\\\/uploads\\\/2025\\\/04\\\/menu_areas_apoio-300x443.jpg&quot;,&quot;500&quot;:&quot;https:\\\/\\\/caetano.me\\\/ccrnovo\\\/wp-content\\\/uploads\\\/2025\\\/04\\\/menu_areas_apoio-500x738.jpg&quot;,&quot;750&quot;:&quot;https:\\\/\\\/caetano.me\\\/ccrnovo\\\/wp-content\\\/uploads\\\/2025\\\/04\\\/menu_areas_apoio-750x1108.jpg&quot;,&quot;1000&quot;:&quot;https:\\\/\\\/caetano.me\\\/ccrnovo\\\/wp-content\\\/uploads\\\/2025\\\/04\\\/menu_areas_apoio-1000x1477.jpg&quot;,&quot;1500&quot;:&quot;https:\\\/\\\/caetano.me\\\/ccrnovo\\\/wp-content\\\/uploads\\\/2025\\\/04\\\/menu_areas_apoio-1500x2215.jpg&quot;,&quot;2500&quot;:&quot;https:\\\/\\\/caetano.me\\\/ccrnovo\\\/wp-content\\\/uploads\\\/2025\\\/04\\\/menu_areas_apoio-2500x3692.jpg&quot;}\" src=\"data:image\/svg+xml;charset=utf-8,%3Csvg xmlns%3D&#039;http%3A%2F%2Fwww.w3.org%2F2000%2Fsvg&#039; viewBox%3D&#039;0 0 1500 2215&#039;%2F%3E\" width=\"1500\" height=\"2215\" data-src=\"https:\/\/caetano.me\/ccrnovo\/wp-content\/uploads\/2025\/04\/menu_areas_apoio-1500x2215.jpg\" data-image-id=\"1993\" class=\"ut-adaptive-image wp-post-image skip-lazy \">\r\n\r\n        <figcaption><h3>\u00c1REAS DE APOIO<\/h3><p>Conhe\u00e7a nossos espa\u00e7os<\/p><\/figcaption><\/figure><\/a><\/div>[\/vc_column][\/vc_row][\/vc_section]<\/p>\n<\/div>[\/vc_column][\/vc_row]<\/p>\n<\/div>","protected":false},"excerpt":{"rendered":"<p>[vc_section][vc_row][vc_column][\/vc_column][\/vc_row][\/vc_section][vc_row][vc_column][\/vc_column][\/vc_row]<\/p>\n","protected":false},"author":1,"featured_media":0,"parent":0,"menu_order":0,"comment_status":"closed","ping_status":"closed","template":"","meta":{"footnotes":""},"class_list":["post-2299","page","type-page","status-publish","hentry"],"_links":{"self":[{"href":"https:\/\/caetano.me\/ccrnovo\/wp-json\/wp\/v2\/pages\/2299","targetHints":{"allow":["GET"]}}],"collection":[{"href":"https:\/\/caetano.me\/ccrnovo\/wp-json\/wp\/v2\/pages"}],"about":[{"href":"https:\/\/caetano.me\/ccrnovo\/wp-json\/wp\/v2\/types\/page"}],"author":[{"embeddable":true,"href":"https:\/\/caetano.me\/ccrnovo\/wp-json\/wp\/v2\/users\/1"}],"replies":[{"embeddable":true,"href":"https:\/\/caetano.me\/ccrnovo\/wp-json\/wp\/v2\/comments?post=2299"}],"version-history":[{"count":3,"href":"https:\/\/caetano.me\/ccrnovo\/wp-json\/wp\/v2\/pages\/2299\/revisions"}],"predecessor-version":[{"id":2354,"href":"https:\/\/caetano.me\/ccrnovo\/wp-json\/wp\/v2\/pages\/2299\/revisions\/2354"}],"wp:attachment":[{"href":"https:\/\/caetano.me\/ccrnovo\/wp-json\/wp\/v2\/media?parent=2299"}],"curies":[{"name":"wp","href":"https:\/\/api.w.org\/{rel}","templated":true}]}}